{"id":2825,"date":"2024-06-25T19:34:10","date_gmt":"2024-06-25T19:34:10","guid":{"rendered":"https:\/\/teixeiradesign.com.br\/itneves\/?page_id=2825"},"modified":"2024-08-06T11:26:45","modified_gmt":"2024-08-06T14:26:45","slug":"blog","status":"publish","type":"page","link":"https:\/\/itneves.com.br\/novo\/blog\/","title":{"rendered":"Blog"},"content":{"rendered":"\t\t<div data-elementor-type=\"wp-page\" data-elementor-id=\"2825\" class=\"elementor elementor-2825\" data-elementor-post-type=\"page\">\n\t\t\t\t<div class=\"elementor-element elementor-element-d0100d4 e-con-full e-flex lakit-col-width-auto-no e-container e-root-container elementor-top-section e-con e-parent\" data-id=\"d0100d4\" data-element_type=\"container\">\n\t\t\t\t<div class=\"elementor-element elementor-element-3f7c9ab elementor-grid-1 elementor-grid-tablet-2 elementor-grid-mobile-1 elementor-widget elementor-widget-loop-grid\" data-id=\"3f7c9ab\" data-element_type=\"widget\" data-settings=\"{&quot;template_id&quot;:&quot;2828&quot;,&quot;columns&quot;:1,&quot;pagination_type&quot;:&quot;load_more_infinite_scroll&quot;,&quot;_skin&quot;:&quot;post&quot;,&quot;columns_tablet&quot;:&quot;2&quot;,&quot;columns_mobile&quot;:&quot;1&quot;,&quot;edit_handle_selector&quot;:&quot;[data-elementor-type=\\&quot;loop-item\\&quot;]&quot;,&quot;load_more_spinner&quot;:{&quot;value&quot;:&quot;fas fa-spinner&quot;,&quot;library&quot;:&quot;fa-solid&quot;},&quot;row_gap&quot;:{&quot;unit&quot;:&quot;px&quot;,&quot;size&quot;:&quot;&quot;,&quot;sizes&quot;:[]},&quot;row_gap_laptop&quot;:{&quot;unit&quot;:&quot;px&quot;,&quot;size&quot;:&quot;&quot;,&quot;sizes&quot;:[]},&quot;row_gap_tablet&quot;:{&quot;unit&quot;:&quot;px&quot;,&quot;size&quot;:&quot;&quot;,&quot;sizes&quot;:[]},&quot;row_gap_mobile_extra&quot;:{&quot;unit&quot;:&quot;px&quot;,&quot;size&quot;:&quot;&quot;,&quot;sizes&quot;:[]},&quot;row_gap_mobile&quot;:{&quot;unit&quot;:&quot;px&quot;,&quot;size&quot;:&quot;&quot;,&quot;sizes&quot;:[]}}\" data-widget_type=\"loop-grid.post\">\n\t\t\t\t<div class=\"elementor-widget-container\">\n\t\t\t\t\t\t\t<div class=\"elementor-loop-container elementor-grid\">\n\t\t<style id=\"loop-2828\">.elementor-2828 .elementor-element.elementor-element-6794f22b{--display:flex;--min-height:0px;--flex-direction:row;--container-widget-width:calc( ( 1 - var( --container-widget-flex-grow ) ) * 100% );--container-widget-height:100%;--container-widget-flex-grow:1;--container-widget-align-self:stretch;--flex-wrap-mobile:wrap;--justify-content:center;--align-items:center;--gap:0px 0px;--row-gap:0px;--column-gap:0px;--margin-top:0px;--margin-bottom:0px;--margin-left:0px;--margin-right:0px;--padding-top:0px;--padding-bottom:0px;--padding-left:0px;--padding-right:0px;}.elementor-2828 .elementor-element.elementor-element-650a9600 > .elementor-widget-container{margin:0px 0px 0px 0px;padding:0px 0px 0px 0px;}.elementor-2828 .elementor-element.elementor-element-650a9600.elementor-element{--flex-grow:0;--flex-shrink:1;}.elementor-2828 .elementor-element.elementor-element-650a9600 .elementor-image-box-wrapper{text-align:left;}.elementor-2828 .elementor-element.elementor-element-650a9600{--e-imb-gap:58px;}.elementor-2828 .elementor-element.elementor-element-650a9600 .elementor-image-box-title{margin-bottom:0px;font-family:\"Roboto\", Sans-serif;font-weight:300;}.elementor-2828 .elementor-element.elementor-element-650a9600 .elementor-image-box-wrapper .elementor-image-box-img{width:100%;flex:0 0 100%;}.elementor-2828 .elementor-element.elementor-element-650a9600:hover .elementor-image-box-img img{opacity:0.84;}.elementor-2828 .elementor-element.elementor-element-650a9600 .elementor-image-box-img img{transition-duration:0.2s;}@media(min-width:768px){.elementor-2828 .elementor-element.elementor-element-6794f22b{--width:100%;}}<\/style>\t\t<div data-elementor-type=\"loop-item\" data-elementor-id=\"2828\" class=\"elementor elementor-2828 e-loop-item e-loop-item-2807 post-2807 post type-post status-publish format-standard has-post-thumbnail hentry category-blog category-sem-categoria\" data-elementor-post-type=\"elementor_library\" data-custom-edit-handle=\"1\">\n\t\t\t<div class=\"elementor-element elementor-element-6794f22b e-con-full e-flex lakit-col-width-auto-no e-container e-root-container elementor-top-section e-con e-parent\" data-id=\"6794f22b\" data-element_type=\"container\" data-settings=\"{&quot;background_background&quot;:&quot;classic&quot;}\">\n\t\t\t\t<div class=\"elementor-element elementor-element-650a9600 elementor-position-left elementor-vertical-align-middle elementor-widget elementor-widget-image-box\" data-id=\"650a9600\" data-element_type=\"widget\" data-widget_type=\"image-box.default\">\n\t\t\t\t<div class=\"elementor-widget-container\">\n\t\t\t\t\t<div class=\"elementor-image-box-wrapper\"><figure class=\"elementor-image-box-img\"><a href=\"https:\/\/itneves.com.br\/novo\/2024\/06\/14\/diferencas-entre-uma-cozinha-industrial-e-convencional\/\" tabindex=\"-1\"><img fetchpriority=\"high\" decoding=\"async\" width=\"2560\" height=\"1707\" src=\"https:\/\/itneves.com.br\/novo\/wp-content\/uploads\/2024\/06\/itneves_teksid_restaurante_paulabrant-23-scaled-1.jpg\" class=\"attachment-full size-full wp-image-2835\" alt=\"\" srcset=\"https:\/\/itneves.com.br\/novo\/wp-content\/uploads\/2024\/06\/itneves_teksid_restaurante_paulabrant-23-scaled-1.jpg 2560w, https:\/\/itneves.com.br\/novo\/wp-content\/uploads\/2024\/06\/itneves_teksid_restaurante_paulabrant-23-scaled-1-300x200.jpg 300w, https:\/\/itneves.com.br\/novo\/wp-content\/uploads\/2024\/06\/itneves_teksid_restaurante_paulabrant-23-scaled-1-1024x683.jpg 1024w, https:\/\/itneves.com.br\/novo\/wp-content\/uploads\/2024\/06\/itneves_teksid_restaurante_paulabrant-23-scaled-1-768x512.jpg 768w, https:\/\/itneves.com.br\/novo\/wp-content\/uploads\/2024\/06\/itneves_teksid_restaurante_paulabrant-23-scaled-1-1536x1024.jpg 1536w, https:\/\/itneves.com.br\/novo\/wp-content\/uploads\/2024\/06\/itneves_teksid_restaurante_paulabrant-23-scaled-1-2048x1366.jpg 2048w\" sizes=\"(max-width: 2560px) 100vw, 2560px\" \/><\/a><\/figure><div class=\"elementor-image-box-content\"><h3 class=\"elementor-image-box-title\"><a href=\"https:\/\/itneves.com.br\/novo\/2024\/06\/14\/diferencas-entre-uma-cozinha-industrial-e-convencional\/\">Diferen\u00e7as entre uma cozinha industrial e convencional<\/a><\/h3><\/div><\/div>\t\t\t\t<\/div>\n\t\t\t\t<\/div>\n\t\t\t\t<\/div>\n\t\t\t\t<\/div>\n\t\t\t\t<div data-elementor-type=\"loop-item\" data-elementor-id=\"2828\" class=\"elementor elementor-2828 e-loop-item e-loop-item-545 post-545 post type-post status-publish format-standard has-post-thumbnail hentry category-blog category-uncategorized\" data-elementor-post-type=\"elementor_library\" data-custom-edit-handle=\"1\">\n\t\t\t<div class=\"elementor-element elementor-element-6794f22b e-con-full e-flex lakit-col-width-auto-no e-container e-root-container elementor-top-section e-con e-parent\" data-id=\"6794f22b\" data-element_type=\"container\" data-settings=\"{&quot;background_background&quot;:&quot;classic&quot;}\">\n\t\t\t\t<div class=\"elementor-element elementor-element-650a9600 elementor-position-left elementor-vertical-align-middle elementor-widget elementor-widget-image-box\" data-id=\"650a9600\" data-element_type=\"widget\" data-widget_type=\"image-box.default\">\n\t\t\t\t<div class=\"elementor-widget-container\">\n\t\t\t\t\t<div class=\"elementor-image-box-wrapper\"><figure class=\"elementor-image-box-img\"><a href=\"https:\/\/itneves.com.br\/novo\/2024\/06\/13\/fca-implanta-conceito-hub\/\" tabindex=\"-1\"><img decoding=\"async\" width=\"1250\" height=\"833\" src=\"https:\/\/itneves.com.br\/novo\/wp-content\/uploads\/2024\/06\/01-fca-hub.jpeg\" class=\"attachment-full size-full wp-image-546\" alt=\"\" srcset=\"https:\/\/itneves.com.br\/novo\/wp-content\/uploads\/2024\/06\/01-fca-hub.jpeg 1250w, https:\/\/itneves.com.br\/novo\/wp-content\/uploads\/2024\/06\/01-fca-hub-300x200.jpeg 300w, https:\/\/itneves.com.br\/novo\/wp-content\/uploads\/2024\/06\/01-fca-hub-1024x682.jpeg 1024w, https:\/\/itneves.com.br\/novo\/wp-content\/uploads\/2024\/06\/01-fca-hub-768x512.jpeg 768w\" sizes=\"(max-width: 1250px) 100vw, 1250px\" \/><\/a><\/figure><div class=\"elementor-image-box-content\"><h3 class=\"elementor-image-box-title\"><a href=\"https:\/\/itneves.com.br\/novo\/2024\/06\/13\/fca-implanta-conceito-hub\/\">FCA implanta conceito HUB<\/a><\/h3><\/div><\/div>\t\t\t\t<\/div>\n\t\t\t\t<\/div>\n\t\t\t\t<\/div>\n\t\t\t\t<\/div>\n\t\t\t\t<div data-elementor-type=\"loop-item\" data-elementor-id=\"2828\" class=\"elementor elementor-2828 e-loop-item e-loop-item-2805 post-2805 post type-post status-publish format-standard has-post-thumbnail hentry category-blog category-sem-categoria\" data-elementor-post-type=\"elementor_library\" data-custom-edit-handle=\"1\">\n\t\t\t<div class=\"elementor-element elementor-element-6794f22b e-con-full e-flex lakit-col-width-auto-no e-container e-root-container elementor-top-section e-con e-parent\" data-id=\"6794f22b\" data-element_type=\"container\" data-settings=\"{&quot;background_background&quot;:&quot;classic&quot;}\">\n\t\t\t\t<div class=\"elementor-element elementor-element-650a9600 elementor-position-left elementor-vertical-align-middle elementor-widget elementor-widget-image-box\" data-id=\"650a9600\" data-element_type=\"widget\" data-widget_type=\"image-box.default\">\n\t\t\t\t<div class=\"elementor-widget-container\">\n\t\t\t\t\t<div class=\"elementor-image-box-wrapper\"><figure class=\"elementor-image-box-img\"><a href=\"https:\/\/itneves.com.br\/novo\/2024\/06\/13\/entenda-quais-os-elementos-essenciais-para-uma-cozinha-industrial\/\" tabindex=\"-1\"><img decoding=\"async\" width=\"2560\" height=\"1707\" src=\"https:\/\/itneves.com.br\/novo\/wp-content\/uploads\/2024\/06\/itneves_teksid_restaurante_paulabrant-19-scaled-1.jpg\" class=\"attachment-full size-full wp-image-2834\" alt=\"\" srcset=\"https:\/\/itneves.com.br\/novo\/wp-content\/uploads\/2024\/06\/itneves_teksid_restaurante_paulabrant-19-scaled-1.jpg 2560w, https:\/\/itneves.com.br\/novo\/wp-content\/uploads\/2024\/06\/itneves_teksid_restaurante_paulabrant-19-scaled-1-300x200.jpg 300w, https:\/\/itneves.com.br\/novo\/wp-content\/uploads\/2024\/06\/itneves_teksid_restaurante_paulabrant-19-scaled-1-1024x683.jpg 1024w, https:\/\/itneves.com.br\/novo\/wp-content\/uploads\/2024\/06\/itneves_teksid_restaurante_paulabrant-19-scaled-1-768x512.jpg 768w, https:\/\/itneves.com.br\/novo\/wp-content\/uploads\/2024\/06\/itneves_teksid_restaurante_paulabrant-19-scaled-1-1536x1024.jpg 1536w, https:\/\/itneves.com.br\/novo\/wp-content\/uploads\/2024\/06\/itneves_teksid_restaurante_paulabrant-19-scaled-1-2048x1366.jpg 2048w\" sizes=\"(max-width: 2560px) 100vw, 2560px\" \/><\/a><\/figure><div class=\"elementor-image-box-content\"><h3 class=\"elementor-image-box-title\"><a href=\"https:\/\/itneves.com.br\/novo\/2024\/06\/13\/entenda-quais-os-elementos-essenciais-para-uma-cozinha-industrial\/\">Entenda quais os elementos essenciais para uma cozinha industrial<\/a><\/h3><\/div><\/div>\t\t\t\t<\/div>\n\t\t\t\t<\/div>\n\t\t\t\t<\/div>\n\t\t\t\t<\/div>\n\t\t\t\t<div data-elementor-type=\"loop-item\" data-elementor-id=\"2828\" class=\"elementor elementor-2828 e-loop-item e-loop-item-2800 post-2800 post type-post status-publish format-standard has-post-thumbnail hentry category-blog category-sem-categoria\" data-elementor-post-type=\"elementor_library\" data-custom-edit-handle=\"1\">\n\t\t\t<div class=\"elementor-element elementor-element-6794f22b e-con-full e-flex lakit-col-width-auto-no e-container e-root-container elementor-top-section e-con e-parent\" data-id=\"6794f22b\" data-element_type=\"container\" data-settings=\"{&quot;background_background&quot;:&quot;classic&quot;}\">\n\t\t\t\t<div class=\"elementor-element elementor-element-650a9600 elementor-position-left elementor-vertical-align-middle elementor-widget elementor-widget-image-box\" data-id=\"650a9600\" data-element_type=\"widget\" data-widget_type=\"image-box.default\">\n\t\t\t\t<div class=\"elementor-widget-container\">\n\t\t\t\t\t<div class=\"elementor-image-box-wrapper\"><figure class=\"elementor-image-box-img\"><a href=\"https:\/\/itneves.com.br\/novo\/2024\/06\/13\/identidade-industrial\/\" tabindex=\"-1\"><img loading=\"lazy\" decoding=\"async\" width=\"1920\" height=\"1080\" src=\"https:\/\/itneves.com.br\/novo\/wp-content\/uploads\/2024\/06\/SOTREQ_CTG-REST_PERSPECTIVA_R01_IMAGEM-2.jpg\" class=\"attachment-full size-full wp-image-2837\" alt=\"\" srcset=\"https:\/\/itneves.com.br\/novo\/wp-content\/uploads\/2024\/06\/SOTREQ_CTG-REST_PERSPECTIVA_R01_IMAGEM-2.jpg 1920w, https:\/\/itneves.com.br\/novo\/wp-content\/uploads\/2024\/06\/SOTREQ_CTG-REST_PERSPECTIVA_R01_IMAGEM-2-300x169.jpg 300w, https:\/\/itneves.com.br\/novo\/wp-content\/uploads\/2024\/06\/SOTREQ_CTG-REST_PERSPECTIVA_R01_IMAGEM-2-1024x576.jpg 1024w, https:\/\/itneves.com.br\/novo\/wp-content\/uploads\/2024\/06\/SOTREQ_CTG-REST_PERSPECTIVA_R01_IMAGEM-2-768x432.jpg 768w, https:\/\/itneves.com.br\/novo\/wp-content\/uploads\/2024\/06\/SOTREQ_CTG-REST_PERSPECTIVA_R01_IMAGEM-2-1536x864.jpg 1536w\" sizes=\"(max-width: 1920px) 100vw, 1920px\" \/><\/a><\/figure><div class=\"elementor-image-box-content\"><h3 class=\"elementor-image-box-title\"><a href=\"https:\/\/itneves.com.br\/novo\/2024\/06\/13\/identidade-industrial\/\">Identidade industrial<\/a><\/h3><\/div><\/div>\t\t\t\t<\/div>\n\t\t\t\t<\/div>\n\t\t\t\t<\/div>\n\t\t\t\t<\/div>\n\t\t\t\t<div data-elementor-type=\"loop-item\" data-elementor-id=\"2828\" class=\"elementor elementor-2828 e-loop-item e-loop-item-2795 post-2795 post type-post status-publish format-standard hentry category-blog category-sem-categoria\" data-elementor-post-type=\"elementor_library\" data-custom-edit-handle=\"1\">\n\t\t\t<div class=\"elementor-element elementor-element-6794f22b e-con-full e-flex lakit-col-width-auto-no e-container e-root-container elementor-top-section e-con e-parent\" data-id=\"6794f22b\" data-element_type=\"container\" data-settings=\"{&quot;background_background&quot;:&quot;classic&quot;}\">\n\t\t\t\t<div class=\"elementor-element elementor-element-650a9600 elementor-vertical-align-middle elementor-widget elementor-widget-image-box\" data-id=\"650a9600\" data-element_type=\"widget\" data-widget_type=\"image-box.default\">\n\t\t\t\t<div class=\"elementor-widget-container\">\n\t\t\t\t\t<div class=\"elementor-image-box-wrapper\"><div class=\"elementor-image-box-content\"><h3 class=\"elementor-image-box-title\"><a href=\"https:\/\/itneves.com.br\/novo\/2024\/06\/12\/diferencas-entre-consultorios-clinicas-e-centros-medicos\/\">Diferen\u00e7as entre consult\u00f3rios, cl\u00ednicas e centros m\u00e9dicos<\/a><\/h3><\/div><\/div>\t\t\t\t<\/div>\n\t\t\t\t<\/div>\n\t\t\t\t<\/div>\n\t\t\t\t<\/div>\n\t\t\t\t<div data-elementor-type=\"loop-item\" data-elementor-id=\"2828\" class=\"elementor elementor-2828 e-loop-item e-loop-item-2793 post-2793 post type-post status-publish format-standard has-post-thumbnail hentry category-blog category-sem-categoria tag-ambiente-de-trabalho tag-espacos-de-saude tag-saude-corporativa\" data-elementor-post-type=\"elementor_library\" data-custom-edit-handle=\"1\">\n\t\t\t<div class=\"elementor-element elementor-element-6794f22b e-con-full e-flex lakit-col-width-auto-no e-container e-root-container elementor-top-section e-con e-parent\" data-id=\"6794f22b\" data-element_type=\"container\" data-settings=\"{&quot;background_background&quot;:&quot;classic&quot;}\">\n\t\t\t\t<div class=\"elementor-element elementor-element-650a9600 elementor-vertical-align-middle elementor-widget elementor-widget-image-box\" data-id=\"650a9600\" data-element_type=\"widget\" data-widget_type=\"image-box.default\">\n\t\t\t\t<div class=\"elementor-widget-container\">\n\t\t\t\t\t<div class=\"elementor-image-box-wrapper\"><div class=\"elementor-image-box-content\"><h3 class=\"elementor-image-box-title\"><a href=\"https:\/\/itneves.com.br\/novo\/2024\/06\/11\/ja-pensou-porque-as-pessoas-vao-para-o-escritorio\/\">J\u00e1 pensou porque as pessoas v\u00e3o para o escrit\u00f3rio?<\/a><\/h3><\/div><\/div>\t\t\t\t<\/div>\n\t\t\t\t<\/div>\n\t\t\t\t<\/div>\n\t\t\t\t<\/div>\n\t\t\t\t<\/div>\n\t\t\t\t\t<span class=\"e-load-more-spinner\">\n\t\t\t\t<svg aria-hidden=\"true\" class=\"e-font-icon-svg e-fas-spinner\" viewBox=\"0 0 512 512\" xmlns=\"http:\/\/www.w3.org\/2000\/svg\"><path d=\"M304 48c0 26.51-21.49 48-48 48s-48-21.49-48-48 21.49-48 48-48 48 21.49 48 48zm-48 368c-26.51 0-48 21.49-48 48s21.49 48 48 48 48-21.49 48-48-21.49-48-48-48zm208-208c-26.51 0-48 21.49-48 48s21.49 48 48 48 48-21.49 48-48-21.49-48-48-48zM96 256c0-26.51-21.49-48-48-48S0 229.49 0 256s21.49 48 48 48 48-21.49 48-48zm12.922 99.078c-26.51 0-48 21.49-48 48s21.49 48 48 48 48-21.49 48-48c0-26.509-21.491-48-48-48zm294.156 0c-26.51 0-48 21.49-48 48s21.49 48 48 48 48-21.49 48-48c0-26.509-21.49-48-48-48zM108.922 60.922c-26.51 0-48 21.49-48 48s21.49 48 48 48 48-21.49 48-48-21.491-48-48-48z\"><\/path><\/svg>\t\t\t<\/span>\n\t\t\n\t\t\t\t<div class=\"e-load-more-anchor\" data-page=\"1\" data-max-page=\"3\" data-next-page=\"https:\/\/itneves.com.br\/novo\/wp-json\/wp\/v2\/pages\/2825\/page\/2\/\"><\/div>\n\t\t\t\t<div class=\"e-load-more-message\"><\/div>\n\t\t\t\t\t\t<\/div>\n\t\t\t\t<\/div>\n\t\t\t\t<\/div>\n\t\t<div class=\"elementor-element elementor-element-14de201c e-con-full e-flex lakit-col-width-auto-no e-container e-root-container elementor-top-section e-con e-parent\" data-id=\"14de201c\" data-element_type=\"container\" data-settings=\"{&quot;background_background&quot;:&quot;classic&quot;}\">\n\t\t\t\t<div class=\"elementor-element elementor-element-cc25b33 elementor-widget elementor-widget-heading\" data-id=\"cc25b33\" data-element_type=\"widget\" data-widget_type=\"heading.default\">\n\t\t\t\t<div class=\"elementor-widget-container\">\n\t\t\t\t\t<h2 class=\"elementor-heading-title elementor-size-default\">Entre em contato para desenvolver seu projeto.<\/h2>\t\t\t\t<\/div>\n\t\t\t\t<\/div>\n\t\t\t\t<div class=\"elementor-element elementor-element-88e138f elementor-align-left elementor-mobile-align-center elementor-widget lastudio-kit elementor-lakit-button\" data-id=\"88e138f\" data-element_type=\"widget\" data-widget_type=\"lakit-button.default\">\n\t\t\t\t\t        <a href=\"https:\/\/itneves.com.br\/novo\/2024\/06\/11\/ja-pensou-porque-as-pessoas-vao-para-o-escritorio\/\" class=\"elementor-button-link elementor-button elementor-btn-align-icon- elementor-size-sm\" role=\"button\">\n                    <span class=\"elementor-button-content-wrapper\">\n\t\t\t\t\t\t<span class=\"elementor-button-text\">Fale Conosco<\/span>\n\t\t<\/span>\n                <\/a>\n        \t\t\t\t<\/div>\n\t\t\t\t<\/div>\n\t\t\t\t<\/div>\n\t\t","protected":false},"excerpt":{"rendered":"<p>Entre em contato para desenvolver seu projeto. Fale Conosco<\/p>\n","protected":false},"author":1,"featured_media":0,"parent":0,"menu_order":0,"comment_status":"closed","ping_status":"closed","template":"elementor_header_footer","meta":{"_acf_changed":false,"footnotes":""},"class_list":["post-2825","page","type-page","status-publish","hentry"],"acf":[],"_links":{"self":[{"href":"https:\/\/itneves.com.br\/novo\/wp-json\/wp\/v2\/pages\/2825","targetHints":{"allow":["GET"]}}],"collection":[{"href":"https:\/\/itneves.com.br\/novo\/wp-json\/wp\/v2\/pages"}],"about":[{"href":"https:\/\/itneves.com.br\/novo\/wp-json\/wp\/v2\/types\/page"}],"author":[{"embeddable":true,"href":"https:\/\/itneves.com.br\/novo\/wp-json\/wp\/v2\/users\/1"}],"replies":[{"embeddable":true,"href":"https:\/\/itneves.com.br\/novo\/wp-json\/wp\/v2\/comments?post=2825"}],"version-history":[{"count":16,"href":"https:\/\/itneves.com.br\/novo\/wp-json\/wp\/v2\/pages\/2825\/revisions"}],"predecessor-version":[{"id":3715,"href":"https:\/\/itneves.com.br\/novo\/wp-json\/wp\/v2\/pages\/2825\/revisions\/3715"}],"wp:attachment":[{"href":"https:\/\/itneves.com.br\/novo\/wp-json\/wp\/v2\/media?parent=2825"}],"curies":[{"name":"wp","href":"https:\/\/api.w.org\/{rel}","templated":true}]}}